{"id":149,"date":"2023-06-21T17:01:01","date_gmt":"2023-06-21T16:01:01","guid":{"rendered":"http:\/\/www.seojobboerse.de\/blog\/?page_id=149"},"modified":"2023-06-30T10:59:25","modified_gmt":"2023-06-30T09:59:25","slug":"kontakt","status":"publish","type":"page","link":"https:\/\/www.seojobboerse.de\/blog\/kontakt","title":{"rendered":"Kontakt SEOJobboerse.de"},"content":{"rendered":"<p>Sehr geehrter Nutzer von SEOJobboerse.de. Folgend k\u00f6nnen Sie uns gerne Anregungen, Lob oder Kritik mitteilen. Zudem sind Werbeanfragen \u00fcber dieses Formular m\u00f6glich. Wir werden uns schnellstm\u00f6glich mit Ihnen in Verbindung setzen!<\/p>\n<p>&nbsp;<\/p>\n<div class=\"frm_forms  with_frm_style frm_style_formidable-style\" id=\"frm_form_1_container\" >\n<form enctype=\"multipart\/form-data\" method=\"post\" class=\"frm-show-form \" id=\"form_contact-form\" >\n<div class=\"frm_form_fields \">\n<fieldset>\n<legend class=\"frm_screen_reader\">SEOJobboerse<\/legend>\r\n\r\n<div class=\"frm_fields_container\">\n<input type=\"hidden\" name=\"frm_action\" value=\"create\" \/>\n<input type=\"hidden\" name=\"form_id\" value=\"1\" \/>\n<input type=\"hidden\" name=\"frm_hide_fields_1\" id=\"frm_hide_fields_1\" value=\"\" \/>\n<input type=\"hidden\" name=\"form_key\" value=\"contact-form\" \/>\n<input type=\"hidden\" name=\"item_meta[0]\" value=\"\" \/>\n<input type=\"hidden\" id=\"frm_submit_entry_1\" name=\"frm_submit_entry_1\" value=\"df9883863c\" \/><input type=\"hidden\" name=\"_wp_http_referer\" value=\"\/blog\/wp-json\/wp\/v2\/pages\/149\" \/><div id=\"frm_field_1_container\" class=\"frm_form_field form-field  frm_required_field frm_top_container frm12 frm_first\">\r\n    <label for=\"field_qh4icy\" id=\"field_qh4icy_label\" class=\"frm_primary_label\">Name\r\n        <span class=\"frm_required\" aria-hidden=\"true\">*<\/span>\r\n    <\/label>\r\n    <input type=\"text\" id=\"field_qh4icy\" name=\"item_meta[1]\" value=\"\"  data-reqmsg=\"Dieses Feld darf nicht leer sein.\" aria-required=\"true\" data-invmsg=\"Name ist ung\u00fcltig\" aria-invalid=\"false\"   aria-describedby=\"frm_desc_field_qh4icy\"\/>\r\n    <div class=\"frm_description\" id=\"frm_desc_field_qh4icy\">First<\/div>\r\n    \r\n<\/div>\n<div id=\"frm_field_3_container\" class=\"frm_form_field form-field  frm_required_field frm_top_container frm_full\">\r\n    <label for=\"field_29yf4d\" id=\"field_29yf4d_label\" class=\"frm_primary_label\">Email\r\n        <span class=\"frm_required\" aria-hidden=\"true\">*<\/span>\r\n    <\/label>\r\n    <input type=\"email\" id=\"field_29yf4d\" name=\"item_meta[3]\" value=\"\"  data-reqmsg=\"Dieses Feld darf nicht leer sein.\" aria-required=\"true\" data-invmsg=\"Please enter a valid email address\" aria-invalid=\"false\"  \/>\r\n    \r\n    \r\n<\/div>\n<div id=\"frm_field_4_container\" class=\"frm_form_field form-field  frm_required_field frm_top_container frm_full\">\r\n    <label for=\"field_e6lis6\" id=\"field_e6lis6_label\" class=\"frm_primary_label\">Betreff\r\n        <span class=\"frm_required\" aria-hidden=\"true\">*<\/span>\r\n    <\/label>\r\n    <input type=\"text\" id=\"field_e6lis6\" name=\"item_meta[4]\" value=\"\"  data-reqmsg=\"Dieses Feld darf nicht leer sein.\" aria-required=\"true\" data-invmsg=\"Subject ist ung\u00fcltig\" aria-invalid=\"false\"  \/>\r\n    \r\n    \r\n<\/div>\n<div id=\"frm_field_5_container\" class=\"frm_form_field form-field  frm_required_field frm_top_container frm_full\">\r\n    <label for=\"field_9jv0r1\" id=\"field_9jv0r1_label\" class=\"frm_primary_label\">Nachricht\r\n        <span class=\"frm_required\" aria-hidden=\"true\">*<\/span>\r\n    <\/label>\r\n    <textarea name=\"item_meta[5]\" id=\"field_9jv0r1\" rows=\"5\"  data-reqmsg=\"Dieses Feld darf nicht leer sein.\" aria-required=\"true\" data-invmsg=\"Nachricht ist ung\u00fcltig\" aria-invalid=\"false\"  ><\/textarea>\r\n    \r\n    \r\n<\/div>\n<div id=\"frm_field_6_container\" class=\"frm_form_field form-field  frm_none_container\">\r\n    <label for=\"cf-turnstile-response\" id=\"field_zmbxr_label\" class=\"frm_primary_label\">Captcha\r\n        <span class=\"frm_required\" aria-hidden=\"true\"><\/span>\r\n    <\/label>\r\n    <div  id=\"field_zmbxr\" class=\"frm-cf-turnstile\" data-sitekey=\"0x4AAAAAACtyeKELb03IIl1e\" data-language=\"de\" data-size=\"normal\" data-theme=\"light\"><\/div>\r\n    \r\n    \r\n<\/div>\n<div id=\"frm_field_7_container\" class=\"frm_form_field form-field  frm_required_field frm_top_container vertical_radio\">\r\n    <div  id=\"field_fg6n9_label\" class=\"frm_primary_label\">Zustimmung zu unseren <a href=\"https:\/\/www.seojobboerse.de\/datenschutz\" target=\"_blank\">Datenschutzbestimmungen<\/a>.\r\n        <span class=\"frm_required\" aria-hidden=\"true\">*<\/span>\r\n    <\/div>\r\n    <div class=\"frm_opt_container\" aria-labelledby=\"field_fg6n9_label\" role=\"group\">\t\t<div class=\"frm_checkbox\" id=\"frm_checkbox_7-0\">\t\t\t<label  for=\"field_fg6n9-0\">\n\t\t\t<input type=\"checkbox\" name=\"item_meta[7][]\" id=\"field_fg6n9-0\" value=\"gelesen\"  data-reqmsg=\"Dieses Feld darf nicht leer sein.\" data-invmsg=\"Zustimmung zu unseren &lt;a href=&quot;https:\/\/www.seojobboerse.de\/datenschutz&quot; target=&quot;_blank&quot;&gt;Datenschutzbestimmungen&lt;\/a&gt;. ist ung\u00fcltig\"   aria-required=\"true\"  \/> gelesen<\/label><\/div>\n<\/div>\r\n    \r\n    \r\n<\/div>\n<div id=\"frm_field_8_container\" class=\"frm_form_field form-field \">\n\t<div class=\"frm_submit\">\r\n\r\n<button class=\"frm_button_submit\" type=\"submit\"  >Senden<\/button>\r\n\r\n\r\n<\/div>\n<\/div>\n\t<input type=\"hidden\" name=\"item_key\" value=\"\" \/>\n\t\t\t<div id=\"frm_field_9_container\">\n\t\t\t<label for=\"field_1ffui\" >\n\t\t\t\tFalls Du menschlich bist, lasse dieses Feld leer.\t\t\t<\/label>\n\t\t\t<input  id=\"field_1ffui\" type=\"text\" class=\"frm_form_field form-field frm_verify\" name=\"item_meta[9]\" value=\"\"  \/>\n\t\t<\/div>\n\t\t<input name=\"frm_state\" type=\"hidden\" value=\"on4Ov7EW79Uom81e5y9gTsQwrL\/mQNZZHZHCmh9wmR8=\" \/><\/div>\n<\/fieldset>\n<\/div>\n\n<\/form>\n<\/div>\n\n<p>&nbsp;<\/p>\n<p>\nIhr SEOJobb\u00f6rsen Team!<\/p>\n","protected":false},"excerpt":{"rendered":"<p>Sehr geehrter Nutzer von SEOJobboerse.de. Folgend k\u00f6nnen Sie uns gerne Anregungen, Lob oder Kritik mitteilen. Zudem sind Werbeanfragen \u00fcber dieses Formular m\u00f6glich. Wir werden uns schnellstm\u00f6glich mit Ihnen&hellip;<\/p>\n","protected":false},"author":1,"featured_media":0,"parent":0,"menu_order":0,"comment_status":"closed","ping_status":"closed","template":"","meta":{"iawp_total_views":4,"footnotes":""},"class_list":["post-149","page","type-page","status-publish","hentry"],"_links":{"self":[{"href":"https:\/\/www.seojobboerse.de\/blog\/wp-json\/wp\/v2\/pages\/149","targetHints":{"allow":["GET"]}}],"collection":[{"href":"https:\/\/www.seojobboerse.de\/blog\/wp-json\/wp\/v2\/pages"}],"about":[{"href":"https:\/\/www.seojobboerse.de\/blog\/wp-json\/wp\/v2\/types\/page"}],"author":[{"embeddable":true,"href":"https:\/\/www.seojobboerse.de\/blog\/wp-json\/wp\/v2\/users\/1"}],"replies":[{"embeddable":true,"href":"https:\/\/www.seojobboerse.de\/blog\/wp-json\/wp\/v2\/comments?post=149"}],"version-history":[{"count":1,"href":"https:\/\/www.seojobboerse.de\/blog\/wp-json\/wp\/v2\/pages\/149\/revisions"}],"predecessor-version":[{"id":1078,"href":"https:\/\/www.seojobboerse.de\/blog\/wp-json\/wp\/v2\/pages\/149\/revisions\/1078"}],"wp:attachment":[{"href":"https:\/\/www.seojobboerse.de\/blog\/wp-json\/wp\/v2\/media?parent=149"}],"curies":[{"name":"wp","href":"https:\/\/api.w.org\/{rel}","templated":true}]}}