{"id":209,"date":"2018-03-22T13:59:30","date_gmt":"2018-03-22T12:59:30","guid":{"rendered":"http:\/\/www.seojobboerse.de\/blog\/?page_id=209"},"modified":"2018-03-22T16:21:15","modified_gmt":"2018-03-22T15:21:15","slug":"onpage-seo-grundlagen","status":"publish","type":"page","link":"https:\/\/www.seojobboerse.de\/blog\/onpage-seo-grundlagen","title":{"rendered":"Onpage SEO: Grundlagen f\u00fcr deine eigene Webseite"},"content":{"rendered":"<p>Nachdem die ersten Inhalte einer neuen Seite geschrieben sind, geht es an die Optimierung elementarer Faktoren auf deiner Seite. Das Ziel besteht klar darin, mittelfristig in den vorderen Pl\u00e4tzen der organischen Suchergebnisse zu landen. Doch neben Offpage-Faktoren, sind daf\u00fcr auch Parameter relevant, die man selbst direkt beeinflussen und verbessern kann. Wir zeigen, was die wichtigsten Onpage-Erfolgsfaktoren sind. Folgende Aspekte sollten dabei n\u00e4her in Augenschein genommen werden:<!--more--><\/p>\n<p><img loading=\"lazy\" decoding=\"async\" src=\"https:\/\/www.seojobboerse.de\/blog\/wp-content\/uploads\/2018\/03\/onepage-titel.jpg\" alt=\"\" width=\"580\" height=\"221\" class=\"alignnone size-full wp-image-241\" srcset=\"https:\/\/www.seojobboerse.de\/blog\/wp-content\/uploads\/2018\/03\/onepage-titel.jpg 580w, https:\/\/www.seojobboerse.de\/blog\/wp-content\/uploads\/2018\/03\/onepage-titel-300x114.jpg 300w\" sizes=\"auto, (max-width: 580px) 100vw, 580px\" \/><\/p>\n<p>1. OnPage SEO Optimierung (dieser Ratgeber)<br \/>\n2. OffPage SEO Optimierung (<a href=\"https:\/\/www.seojobboerse.de\/blog\/offpage-seo-optimierung\" target=\"_blank\">zum Ratgeber<\/a>)<br \/>\n3. besonderes Augenmerk auf Backlinks (zum <a href=\"https:\/\/www.seojobboerse.de\/blog\/backlink-aufbau-ratgeber\" target=\"_blank\">Backlinkaufbau Ratgeber<\/a>)<\/p>\n<p>In diesem Beitrag gehen wir ausf\u00fchrlich auf das Onpage SEO ein und erl\u00e4utern die richtige Herangehensweise. Bau sukzessive Kenntnisse in allen Bereichen der Optimierung aus, damit sich deine Rankings bei Google mittelfristig verbessern. Leider ist es trotz des Fortschritts der Google Crawler unerl\u00e4sslich, dem Giganten in der organischen Suche ein wenig &#8222;auf die Spr\u00fcnge&#8220; zu helfen. Und das sind die Faktoren, auf die jeder Webmaster direkten Einfluss hat. <\/p>\n<h3>OnPage SEO und Optimierung \u2013 darum geht es \u00fcberhaupt<\/h3>\n<p>Die Technik der Webseite, inhaltliche und strukturelle Anpassungen sowie visuelle Aspekte, determinieren zusammen den Begriff \u201eOnPage SEO\u201c im Rahmen einer gezielten Suchmaschinenoptimierung. Dadurch wird ein hoher Anteil der Sichtbarkeitsverbesserung geleistet. Allerdings funktioniert die seiteninterne Optimierung nicht zwingend isoliert ohne <a href=\"https:\/\/www.seojobboerse.de\/blog\/offpage-seo-optimierung\" target=\"_blank\">OffPage SEO Optimierung<\/a>. Praktisch im Verbund, erg\u00e4nzen sich beide Methoden zu einem Gesamtkonzept. Gehen wir einmal n\u00e4her auf die einzelnen Bestandteile der OnPage SEO Optimierung ein:<\/p>\n<p>\u2022 Ladegeschwindigkeit der Webseite (Speed)<br \/>\n\u2022 einzigartige Texte (Unique Content)<br \/>\n\u2022 Lesbarkeit auf s\u00e4mtlichen Endger\u00e4ten wie Smartphones und Tablets<br \/>\n\u2022 Alter der Domain (allgemeines Signal, nicht direkt beeinflussbar)<br \/>\n\u2022 interne Verlinkung<br \/>\n\u2022 Meta Description<br \/>\n\u2022 SEO Titel<br \/>\n\u2022 L\u00e4nge der einzelnen URL\u00b4s der Seiten oder Beitr\u00e4ge<br \/>\n\u2022 Keyword Dichte<br \/>\n\u2022 Alt-Attribute bei Bildern<br \/>\n\u2022 Title-Tag f\u00fcr Bilder und Links<br \/>\n\u2022 Dateinamen bei Bildern<br \/>\n\u2022 Anlegen \/ Vorhandensein der Datei robots.txt<br \/>\n\u2022 Anlegen \/ Vorhandensein der Datei sitemap.xml<br \/>\n\u2022 klare Men\u00fcf\u00fchrung<br \/>\n\u2022 mobile Optimierung<\/p>\n<p>Wie du siehst, handelt es sich teils um inhaltliche und teils um technische Faktoren, die man selber in die Hand nehmen kannst. Grundlegend sollte die OnPage- einer Offpage-Optimierung vorausgehen. Im Idealfall wird also erst die Technik optimiert, bevor man mit einer Webseite online geht. Nat\u00fcrlich sind alle Ma\u00dfnahmen auch ex post, also im Nachhinein noch durchsetzbar \u2013 besser noch \u2013 es sollte ganz oben auf der Direktive f\u00fcr ein gutes Ranking stehen!<\/p>\n<h3>URL-L\u00e4nge als Faktor der OnPage SEO Optimierung<\/h3>\n<p>Wenn ein neuer Beitrag verfasst wurde, bilden die meisten CMS (wie WordPress) aus der \u00dcberschrift die URL-Struktor. Es sei denn, es wurde eine andere Form, wie die Paginierung nach Datum definiert. Prinzipiell sind &#8222;sprechende&#8220; URLs besser. Also Beispielsweise &#8222;\/test-zum-neuen-iphone8.html&#8220; statt &#8222;\/2019-09-01-5\/&#8220;. Wichtig ist dabei, dass du unbedingt einige f\u00fcr den Beitrag relevante Keywords in die URL (und den Titel) einpflegst. Google lie\u00dft und wertet auch W\u00f6rter in der ULR mit, um den Inhalt des Beitrags zu analysieren. Wird dies beherzigt, ist bereits ein kleiner aber interessanter SEO-Faktor erf\u00fcllt. Versuch aber zu vermeiden, dass deine URL zu lang ist. Potentielle Besucher und auch Google sollten in den Snippets der Suchergebnisse schon eindeutig an der URL erkennen, welcher Inhalt dahinter steckt.<\/p>\n<p>K\u00fcrzere URLs sind ein kleiner, aber nicht zu verzichtender Rankingfaktor (besonders, wenn das Keyword integriert wird). Auch die Crawler der Suchmaschinen, wie Google und Co., finden sich schneller zurecht. Ebenso wird eine angenehm kurze und einpr\u00e4gsame URL eher gerne in sozialen Netzwerken verlinkt, als zu lange und unsinnige URLs.<\/p>\n<p>1. Negativbeispiel \u2013 www.domainname.de\/diese-sachen-machen-wesentlich-mehr-spass-als-viele-andere-sachen-weil-die-gruende-dafurr-folgende-sind\/<br \/>\n2. positives Beispiel \u2013 www.domainname.de\/das-macht-spass\/<\/p>\n<h3>Alter der Domain als Rankingfaktor!?<\/h3>\n<p>Es ist unumstritten, dass das Alter einer Domain auch einen kleinen aber dennoch nicht zu untersch\u00e4tzenden Rankingfaktor darstellt. Wenn du eine neue Webseite aufbaust und den Domainnamen erst vor wenigen Tagen gew\u00e4hlt hast, ist die Domain jung und f\u00fcr Google unbekannt. Es kann durchaus Sinn machen, auf diversen Plattformen nach Domainverk\u00e4ufen zu suchen und eine etablierte und beispielsweise 15 Jahre alte Domain zu kaufen. Oftmals sind die Preise sehr g\u00fcnstig. Manchmal existieren sogar noch Backlinks von fr\u00fcher, als dies Domain noch Inhalt hatte. Zwingend ist eine solche Ma\u00dfnahme nicht, nur gestaltet sich der Start so oft einfacher. Einen minimalen Anteil am Ranking hat das Vertrauen von Google in eine \u201ealte\u201c Domain also schon. Aber grunds\u00e4tzlich kannst du problemlos auch eine g\u00e4nzlich unbekannte und neue Domain nutzen. Zumindest geh\u00f6rt das Domainalter immer noch zu den OnPage SEO-Faktoren. <\/p>\n<h3>Klarer OnPage SEO Faktor \u2013 die Ladezeit deiner Webseite<\/h3><div id=\"seojo-3305653016\" class=\"seojo-inhalt seojo-entity-placement\" style=\"float: right;width: 330px;height: 255px;\"><script type=\"text\/javascript\">\r\n    google_ad_client = \"ca-pub-2912090649858721\";\r\n    google_ad_slot = \"2138067288\";\r\n    google_ad_width = 300;\r\n    google_ad_height = 250;\r\n<\/script>\r\n<!-- SEOJ300Side -->\r\n<script type=\"text\/javascript\"\r\nsrc=\"\/\/pagead2.googlesyndication.com\/pagead\/show_ads.js\">\r\n<\/script><\/div>\n<p>Stell dir einmal vor, dass du auf der Suche nach Informationen im Internet bist und via Google die Ergebnisse filterst. Gut, du hast einen interessanten Treffer und willst die Webseite unbedingt besuchen. Dann klickst du auf den Link in den organischen Suchergebnissen. Nach 30 Sekunden trotz deiner extrem schnellen Leitung, wird die Seite immer noch nicht vollst\u00e4ndig geladen. Was machst du? Das Weite suchen und woanders schauen!<\/p>\n<p><img loading=\"lazy\" decoding=\"async\" src=\"https:\/\/www.seojobboerse.de\/blog\/wp-content\/uploads\/2018\/03\/speed-analyse-webseite.jpg\" alt=\"Pagespeed Ergebniss f\u00fcr seojobboerse.de\" width=\"589\" height=\"182\" class=\"alignnone size-full wp-image-244\" srcset=\"https:\/\/www.seojobboerse.de\/blog\/wp-content\/uploads\/2018\/03\/speed-analyse-webseite.jpg 589w, https:\/\/www.seojobboerse.de\/blog\/wp-content\/uploads\/2018\/03\/speed-analyse-webseite-300x93.jpg 300w\" sizes=\"auto, (max-width: 589px) 100vw, 589px\" \/><\/p>\n<p>Dies musst du vermeiden! Optimiere die Ladezeit deiner Internetpr\u00e4senz. Hier ist ein <a href=\"https:\/\/developers.google.com\/speed\/pagespeed\/insights\/?hl=de\" target=\"_blank\">hilfreiches Tool von Google selbst<\/a> und mit vielen n\u00fctzlichen Tipps und Tricks. Informiere dich anhand dieser wichtigen Daten und \u00e4ndere eventuelle Fehler. Versuche zu optimieren, damit der Status \u201eGr\u00fcn\u201c erreicht wird. Die Ladezeit deiner Webseite ist \u00fcbrigens in ma\u00dfgeblicher Rankingfaktor und darf niemals vernachl\u00e4ssigt werden. <u>Tipp:<\/u> Das Tool seolyser.de gibt auch interessante Eckdaten zu den Ladezeiten deiner Seite aus und Tipps, wie man diese verbessern kann.<\/p>\n<h3>META DESCRIPTION<\/h3>\n<p>Die Meta Description selbst, spielt neben dem Titel-Tag eine unmittelbare Rolle f\u00fcr\u00b4s Ranking. Einerseits werden die Klicks in den SERPS (Anzeige der organischen Suchergebnisse) ma\u00dfgeblich erh\u00f6ht, wenn die Meta Description einen optisch ansprechenden und vor allem zielf\u00fchrenden Eindruck f\u00fcr die Nutzer macht. Andererseits werden relevante Schl\u00fcsselw\u00f6rter auch hier mit gewichtet. Angenommen, du willst einen Staubsauger kaufen, dann ist die unten abgebildete Meta Description doch sehr ansprechend oder? Was wenn dar\u00fcber eine andere Seite st\u00e4nde nur mit dem Titel &#8222;Staubsauger kaufen&#8220;. \u00dcberlege dir eine passende Formulierung und integriere auch einige HTML-Sonderzeichen. Bringe dein Keyword und die wichtigsten Informationen in diesen maximal 160 Zeichen unter. Nimm dir Zeit daf\u00fcr, weil dieser Inhalt der erste optische Eindruck deiner Webseite ist und die Klicks ma\u00dfgeblich beeinflussen kann.<\/p>\n<p><img loading=\"lazy\" decoding=\"async\" src=\"https:\/\/www.seojobboerse.de\/blog\/wp-content\/uploads\/2018\/03\/staubsauger-beispiel.jpg\" alt=\"Meta Description Beispiel\" width=\"610\" height=\"87\" class=\"alignnone size-full wp-image-213\" srcset=\"https:\/\/www.seojobboerse.de\/blog\/wp-content\/uploads\/2018\/03\/staubsauger-beispiel.jpg 610w, https:\/\/www.seojobboerse.de\/blog\/wp-content\/uploads\/2018\/03\/staubsauger-beispiel-300x43.jpg 300w\" sizes=\"auto, (max-width: 610px) 100vw, 610px\" \/><\/p>\n<h3>SEO-Titel im Bereich Onpage SEO und Optimierung<\/h3>\n<p>Wie oben bei der Meta Description, solltest du dir einen guten und treffenden Titel f\u00fcr jede Unterseite ausdenken, welcher potentielle Besucher auf deine Internetpr\u00e4senz lockt. Du hast nicht viele Zeichen Platz (< 65), also \u00fcberlege dir im Vorfeld genau, welcher Inhalt hinein geh\u00f6rt. Nat\u00fcrlich macht es Sinn, das wichtigste Keyword ebenfalls unterzubringen. Der SEO-Title ist einer der wichtigsten Onpage-Rankingfaktoren f\u00fcr einen Text. Hast du z.B. einen Beitrag geschrieben, in denen es um Internettelefonie geht, dann bietet sich z.B. an: \"Internettelefonie: Der ultimative Ratgeber\". Wenig zielf\u00fchrend w\u00e4re hingegen z.B. \"So telefoniert man heute\".\n\n\n\n<h3>Bilder verkleinern und ALT-Attribut verwenden<\/h3>\n<p>Bilder zu komprimieren, geh\u00f6rt mit zur Verbesserung der Ladegeschwindigkeit deiner Webseite. Wenn die Bilder weniger Platz ben\u00f6tigen, l\u00e4dt die Seite einfach schneller. Wichtige kostenlose Tools daf\u00fcr sind beispielsweise:<\/p>\n<p>\u2022 http:\/\/compressjpeg.com\/de\/<br \/>\n\u2022 https:\/\/www.bilder-verkleinern.de\/<br \/>\n\u2022 https:\/\/www.bildverkleinern.com\/<\/p>\n<p>Diese Onlinedienste werden deine Bilder von der Dateigr\u00f6\u00dfe komprimieren. Weil der Service kostenlos ist, wird dir aber Werbung eingeblendet. Ein weiteres kostenloses Programm, welches du auf deinem Rechner installieren kannst, ist TinyPic. Hier ist <a href=\"https:\/\/www.heise.de\/download\/product\/tinypic-27891\" target=\"_blank\">der Link<\/a> (alternativ bieten auch viele andere Plattformen den kostenlosen Download an).<\/p>\n<p>Prinzipiell eignet sich nat\u00fcrlich jedes halbwegs taugliche Fotoprogramm und Profis brauchen solche Tools eher nicht. Gerade f\u00fcr Anf\u00e4nger im Webbereich, k\u00f6nnen solche Hilfsmittel aber durchaus gute Dienste leisten. Nat\u00fcrlich hast du auch die M\u00f6glichkeit direkt in WordPress via Plugin deine hochgeladenen Bilder zu komprimieren. Hierf\u00fcr existieren zahlreiche Plugins und anbei sind einige Beispiele:<\/p>\n<p>\u2022 https:\/\/de.wordpress.org\/plugins\/ewww-image-optimizer\/<br \/>\n\u2022 https:\/\/wpconsultant.de\/wordpress-bilder-komprimieren\/<br \/>\n\u2022 https:\/\/optimus.io\/<br \/>\n\u2022 https:\/\/wordpress.org\/plugins\/wp-smushit\/<br \/>\n\u2022 https:\/\/wordpress.org\/plugins\/imagify\/<br \/>\n\u2022 https:\/\/de.wordpress.org\/plugins\/tiny-compress-images\/<\/p>\n<p>Neben der Komprimierung deiner Bilder, geh\u00f6rt unbedingt das \u201eALT Attribut\u201c dazu. Beim \u201eALT-Text\u201c beschreibst du dein Bild und um was genau es sich bei diesem handelt. Nat\u00fcrlich macht es auch hier Sinn, das ein oder andere relevante Keyword direkt oder in abgewandelter Form einzupflegen.<\/p>\n<p><img src=\u201c\/bilder\/beispiel.jpg\u201c alt=\u201cBeispiel f\u00fcr ein Alt-Tag\u201c><\/p>\n<p>Nat\u00fcrlich gibt es auch die M\u00f6glichkeit, direkt im Quellcode das ALT-Attribut zu verwenden. Warum der ganze Aufwand mit dem ALT-Attribut bei der Onpage Optimierung?<\/p>\n<p>\u2022 Google erkennt den &#8222;Sinn&#8220; eines Bildes nur durch das ALT-Attribut<br \/>\n\u2022 das ALT Attribut sorgt f\u00fcr Barrierefreiheit (Bilder \u201evorlesen\u201c lassen)<br \/>\n\u2022 in den ALT Tag kann das Keyword eingebunden werden<br \/>\n\u2022 bessere Indexierung und sehr wichtig f\u00fcr die Suchmaschinenoptimierung<\/p>\n<div class=\"pic1\"><img loading=\"lazy\" decoding=\"async\" src=\"https:\/\/www.seojobboerse.de\/blog\/wp-content\/uploads\/2018\/03\/beispiel-titel-tag.jpg\" alt=\"Sonnenuntergang am Nadab Lookout\" title=\"Sonnenuntergang am Nadab Lookout | Kakadu Nationalpark Australien\" width=\"290\" height=\"193\" \/><\/div>\n<p>\u00c4hnlich verh\u00e4lt es sich mit dem Titel-Tag f\u00fcr Bilder. Dieser wird eingeblendet, wenn der Nutzer mit der Maus \u00fcber ein Bild navigiert, wie rechts exemplarisch testbar. \u00dcber das Tag k\u00f6nnen f\u00fcr die Leser zum Beispiel einige erg\u00e4nzende Infos hinterlegt werden. Im Falle des Beispielfotos rechts mit dem Sonnenuntergangs, w\u00e4re hier ein Titeltag sinnvoll, wie &#8222;Sonnenuntergang am Nadab Lookout | Kakadu Nationalpark Australien&#8220; oder so \u00e4hnlich. Bei Produktfotos eines Onlineshops k\u00f6nnte z.B. &#8222;Produkt XY in blau&#8220; ein guter Titel-Tag sein.<\/p>\n<h3>Onpage SEO Optimierung dank Zwischen\u00fcberschriften<\/h3>\n<p>Strukturiere deinen Text mit sinnvollen Zwischen\u00fcberschriften. Zun\u00e4chst eine H1-\u00dcberschrift als Titel. Danach bindest du im folgenden Text sinnvolle Zwischen\u00fcberschriften ein. Dann mit dem hirarchich folgenden Tags, also H2. Gibt es eine weitere Zwischengliederung, folgt H3 und so weiter.<\/p>\n<p>\u2022 H1 \u00dcberschrift als Titel f\u00fcr die OnPage SEO Optimierung<br \/>\n\u2022 H2, H3 und H4 f\u00fcr weitere Unter\u00fcberschriften<\/p>\n<p>Binde in jedem Fall dein Keyword hin und wieder in die \u00dcberschriften ein. Aber nicht stumpfsinnig sondern gelegentlich und auch in abgewandelter Form. Google wird dadurch noch besser auf deinen Content aufmerksam und das Thema &#8222;verstehen&#8220;. Keywords in \u00dcberschriften sind demnach ebenfalls ein kleiner Rankingfaktor.<\/p>\n<h3>Keyword-Dichte und Synonyme bei der Optimierung<\/h3>\n<p>Hier gibt es keine genauen Aussagen und auch keine verl\u00e4sslichen Quellen. Google h\u00e4lt sich nat\u00fcrlich bedeckt, weil sonst jeder Optimierer in Windeseile flei\u00dfig manipulieren w\u00fcrde. Grunds\u00e4tzlich hat sich aber folgende Faustregel als sinnvoll erwiesen:<\/p>\n<p>\u2022 exakte Dichte des Keyword 1-2 Prozent<br \/>\n\u2022 verwandte und \u00e4hnliche Keywords 0,5-1 Prozent<br \/>\n\u2022 dazu noch das Keyword in den SEO Titel, Meta Description und teilweise in den \u00dcberschriften<\/p>\n<p>Versuche nicht krampfhaft, einen Suchbegriff in den laufenden Text zu integrieren, wenn danach der Lesefluss ma\u00dfgeblich gest\u00f6rt wird. Prinzipiell kann auch eine WDF*IDF Optimierung weiter helfen. Ein gutes Tool hierzu findet sich <a href=\"http:\/\/www.wdfidf-tool.com\/\" target=\"_blank\">hier<\/a>.<\/p>\n<h3>Interne Verlinkung bei der Onpage-Verbesserung<\/h3>\n<p>In der Regel gelangen Besucher \u00fcber das Men\u00fc oder eine andere \u00fcbergreifende Navigation zu den einzelnen Unterseiten oder Beitr\u00e4gen. Allerdings gibt es noch eine Alternative, auf den restlichen Content zu verweisen. In Form von direkten Links im Text. Diese sogenannte interne Verlinkung, gilt ebenfalls als relevanter Bestandteil. Aufgrund der Tatsache, dass interne Links niemals im Spamfilter landen (zumindest nach bisherigem Stand der Dinge), kannst du direkt \u201ehart\u201c verlinken und dabei nat\u00fcrlich auch relevante Keywords verwenden.<\/p>\n<p>Das wohl beste Beispiel f\u00fcr eine \u00e4u\u00dferst gelungene interne Verlinkung, ist die bekannte Webseite:<\/p>\n<p>\u2022\thttps:\/\/www.wikipedia.de\/<\/p>\n<p>In absolut jedem Beitrag werden die relevanten Infos verlinkt und der Besucher kommt in den Genuss der perfekten Informationen. Google wei\u00df garantiert eine gelungene, interne Verlinkung zu sch\u00e4tzen und die Sichtbarkeit wird nachhaltig steigern. Interne und gut strukturierte Links mit dem passenden Anchor Text, sind also ein wichtiger Bestandteil der pr\u00e4zisen Onpage SEO Optimierung.<\/p>\n<h3>Verbesserung der Indexierung deiner Webseite<\/h3>\n<p>Erleichtere den Crawlern von Google &#038; Co. die Arbeit und verhilf dir damit einfach zur schnelleren Indexierung. Du ben\u00f6tigst genau 2 Dateien f\u00fcr eine wesentlich schnellere Indexierung deiner Inhalte:<\/p>\n<p>\u2022\teine Sitemap (XML Format)<br \/>\n\u2022\teine robots.txt<\/p>\n<p>Eine Sitemap listet effektiv alle Seiten und Beitr\u00e4ge deiner Webseite im XML-Format auf und Google orientiert sich nat\u00fcrlich gern an diesem Wegweiser. Im Tool &#8222;Yoast SEO&#8220; f\u00fcr WordPress, kannst du sehr leicht deine Sitemap automatisch erstellen lassen.<\/p>\n<p><img loading=\"lazy\" decoding=\"async\" src=\"https:\/\/www.seojobboerse.de\/blog\/wp-content\/uploads\/2018\/03\/sitemap-ersellen-580x390.jpg\" alt=\"\" width=\"580\" height=\"390\" class=\"alignnone size-full wp-image-219\" \/><\/p>\n<p>Verlinke auch die erstellte Sitemap auf deiner Webseite. Der Platz neben dem Impressum und der Datenschutzerkl\u00e4rung ist noch frei? Dann setze einen Link f\u00fcr Google und benenne ihn einfach mit \u201eSitemap\u201c. Auch das geh\u00f6rt zur effektiven Onpage SEO Optimierung dazu.<\/p>\n<p>Die Datei robots.txt zeigt den Crawlern weitere Hinweise. Zum Beispiel die Frequenz der Abrufe oder \u201everbotene Inhalte\u201c, die eben nicht in den Index aufgenommen werden sollen. Hier ist eine kleine Auflistung von kostenlosen robots.txt Generatoren:<\/p>\n<p>\u2022 https:\/\/seo-ranking-tools.de\/seo-tools\/robots-txt-generator\/<br \/>\n\u2022 http:\/\/pixelfolk.net\/tools\/robots<br \/>\n\u2022 http:\/\/seo-tools-online.de\/robots-txt-generator<\/p>\n<p>Grunds\u00e4tzlich kannst du die (\u00fcbrigens automatisch erstellte) robotx.txt im Stammverzeichnis deiner Webseite auch so belassen. Wenn du WordPress installierst, erstellt das CMS v\u00f6llig automatisch eine grundlegende robots.txt. Sobald du aber wirklich den letzten Funke Optimierung ausnutzen willst, dann besch\u00e4ftige dich n\u00e4her mit diesem Thema.<\/p>\n<h3>Fazit zum Thema Onpage SEO Optimierung<\/h3>\n<p>Es ist gut zu wissen, dass du sehr viele Dinge technischer Art und im Bereich &#8222;Sichtbarkeit bei Google&#8220; selber in die unerfahrene Hand nehmen kannst. Eine ausgiebige Onpage Analyse und Verbesserung ist der allererste Schritt auf deiner Webseite (Tipp: http:\/\/seolyser.de). Nur so wirst du dauerhaft in diesem Business deinen Platz finden. Der n\u00e4chste Schritt beinhaltet die <a href=\"https:\/\/www.seojobboerse.de\/blog\/offpage-seo-optimierung\">Offpage SEO Optimierung<\/a> und den <a href=\"https:\/\/www.seojobboerse.de\/blog\/backlink-aufbau-ratgeber\">Aufbau von Backlinks<\/a>. <\/p>\n<div class=\"quelle\">Mann und Frau vor Bilschrim: \u00a9 kantver; &#8222;jetzt finden&#8220;:\u00a9 momius | je Fotolia.com<\/div>\n","protected":false},"excerpt":{"rendered":"<p>Nachdem die ersten Inhalte einer neuen Seite geschrieben sind, geht es an die Optimierung elementarer Faktoren auf deiner Seite. Das Ziel besteht klar darin, mittelfristig in den vorderen&hellip;<\/p>\n","protected":false},"author":1,"featured_media":0,"parent":0,"menu_order":0,"comment_status":"closed","ping_status":"closed","template":"","meta":{"jetpack_post_was_ever_published":false,"footnotes":""},"class_list":["post-209","page","type-page","status-publish","hentry"],"aioseo_notices":[],"jetpack_shortlink":"https:\/\/wp.me\/P1SfpO-3n","jetpack-related-posts":[],"_links":{"self":[{"href":"https:\/\/www.seojobboerse.de\/blog\/wp-json\/wp\/v2\/pages\/209","targetHints":{"allow":["GET"]}}],"collection":[{"href":"https:\/\/www.seojobboerse.de\/blog\/wp-json\/wp\/v2\/pages"}],"about":[{"href":"https:\/\/www.seojobboerse.de\/blog\/wp-json\/wp\/v2\/types\/page"}],"author":[{"embeddable":true,"href":"https:\/\/www.seojobboerse.de\/blog\/wp-json\/wp\/v2\/users\/1"}],"replies":[{"embeddable":true,"href":"https:\/\/www.seojobboerse.de\/blog\/wp-json\/wp\/v2\/comments?post=209"}],"version-history":[{"count":0,"href":"https:\/\/www.seojobboerse.de\/blog\/wp-json\/wp\/v2\/pages\/209\/revisions"}],"wp:attachment":[{"href":"https:\/\/www.seojobboerse.de\/blog\/wp-json\/wp\/v2\/media?parent=209"}],"curies":[{"name":"wp","href":"https:\/\/api.w.org\/{rel}","templated":true}]}}